{"id":759,"date":"2025-10-25T17:13:21","date_gmt":"2025-10-25T20:13:21","guid":{"rendered":"https:\/\/smsr.com.br\/sr\/?page_id=759"},"modified":"2026-04-15T11:42:10","modified_gmt":"2026-04-15T14:42:10","slug":"locacao-de-espaco","status":"publish","type":"page","link":"https:\/\/www.smsr.com.br\/sr\/locacao-de-espaco\/","title":{"rendered":"Loca\u00e7\u00e3o de espa\u00e7o"},"content":{"rendered":"\t\t<div data-elementor-type=\"wp-page\" data-elementor-id=\"759\" class=\"elementor elementor-759\" data-elementor-post-type=\"page\">\n\t\t\t\t<section class=\"elementor-element elementor-element-f81983a e-flex e-con-boxed e-con e-parent\" data-id=\"f81983a\" data-element_type=\"container\" data-settings=\"{&quot;background_background&quot;:&quot;classic&quot;}\">\n\t\t\t\t\t<div class=\"e-con-inner\">\n\t\t\t\t<div class=\"elementor-element elementor-element-14f516c elementor-hidden-desktop elementor-widget-mobile__width-initial elementor-widget elementor-widget-heading\" data-id=\"14f516c\" data-element_type=\"widget\" data-widget_type=\"heading.default\">\n\t\t\t\t\t<h2 class=\"elementor-heading-title elementor-size-default\">Loca\u00e7\u00e3o de espa\u00e7o<\/h2>\t\t\t\t<\/div>\n\t\t\t\t<div class=\"elementor-element elementor-element-2b23298 elementor-hidden-tablet elementor-hidden-mobile elementor-invisible elementor-widget elementor-widget-heading\" data-id=\"2b23298\" data-element_type=\"widget\" data-settings=\"{&quot;_animation&quot;:&quot;fadeIn&quot;,&quot;_animation_delay&quot;:200}\" data-widget_type=\"heading.default\">\n\t\t\t\t\t<h2 class=\"elementor-heading-title elementor-size-default\">Loca\u00e7\u00e3o de espa\u00e7o<\/h2>\t\t\t\t<\/div>\n\t\t\t\t\t<\/div>\n\t\t\t\t<\/section>\n\t\t<div class=\"elementor-element elementor-element-493a3b0 e-flex e-con-boxed e-con e-parent\" data-id=\"493a3b0\" data-element_type=\"container\" data-settings=\"{&quot;background_background&quot;:&quot;classic&quot;}\">\n\t\t\t\t\t<div class=\"e-con-inner\">\n\t\t\t\t\t<\/div>\n\t\t\t\t<\/div>\n\t\t\t\t<\/div>\n\t\t","protected":false},"excerpt":{"rendered":"<p>Loca\u00e7\u00e3o de espa\u00e7o Loca\u00e7\u00e3o de espa\u00e7o<\/p>\n","protected":false},"author":1,"featured_media":0,"parent":0,"menu_order":0,"comment_status":"closed","ping_status":"closed","template":"","meta":{"footnotes":""},"class_list":["post-759","page","type-page","status-publish","hentry"],"_links":{"self":[{"href":"https:\/\/www.smsr.com.br\/sr\/wp-json\/wp\/v2\/pages\/759","targetHints":{"allow":["GET"]}}],"collection":[{"href":"https:\/\/www.smsr.com.br\/sr\/wp-json\/wp\/v2\/pages"}],"about":[{"href":"https:\/\/www.smsr.com.br\/sr\/wp-json\/wp\/v2\/types\/page"}],"author":[{"embeddable":true,"href":"https:\/\/www.smsr.com.br\/sr\/wp-json\/wp\/v2\/users\/1"}],"replies":[{"embeddable":true,"href":"https:\/\/www.smsr.com.br\/sr\/wp-json\/wp\/v2\/comments?post=759"}],"version-history":[{"count":7,"href":"https:\/\/www.smsr.com.br\/sr\/wp-json\/wp\/v2\/pages\/759\/revisions"}],"predecessor-version":[{"id":1332,"href":"https:\/\/www.smsr.com.br\/sr\/wp-json\/wp\/v2\/pages\/759\/revisions\/1332"}],"wp:attachment":[{"href":"https:\/\/www.smsr.com.br\/sr\/wp-json\/wp\/v2\/media?parent=759"}],"curies":[{"name":"wp","href":"https:\/\/api.w.org\/{rel}","templated":true}]}}